{"id":13,"date":"2022-02-16T14:37:59","date_gmt":"2022-02-16T12:37:59","guid":{"rendered":"https:\/\/riurooftopbarchicago.pre.riu.com\/?page_id=13"},"modified":"2026-04-10T11:32:55","modified_gmt":"2026-04-10T09:32:55","slug":"home","status":"publish","type":"page","link":"https:\/\/riurooftopbarchicago.riu.com\/es\/","title":{"rendered":"Home"},"content":{"rendered":"","protected":false},"excerpt":{"rendered":"","protected":false},"author":5,"featured_media":0,"parent":0,"menu_order":0,"comment_status":"closed","ping_status":"closed","template":"","meta":{"_acf_changed":false,"inline_featured_image":false,"footnotes":""},"class_list":["post-13","page","type-page","status-publish","hentry"],"acf":[],"yoast_head":"<!-- This site is optimized with the Yoast SEO plugin v23.2 - https:\/\/yoast.com\/wordpress\/plugins\/seo\/ -->\n<title>The Rooftop \u00b7 La mejor terraza en Chicago<\/title>\n<meta name=\"description\" content=\"La terraza en Chicago m\u00e1s TOP con atardeceres \u00fanicos y m\u00fasica en directo, te esperan s\u00f3lo en el Hotel Riu Plaza Chicago.\" \/>\n<meta name=\"robots\" content=\"noindex, follow, max-snippet:-1, max-image-preview:large, max-video-preview:-1\" \/>\n<meta property=\"og:locale\" content=\"es_ES\" \/>\n<meta property=\"og:type\" content=\"article\" \/>\n<meta property=\"og:title\" content=\"The Rooftop RIU PLAZA ESPA\u00d1A\" \/>\n<meta property=\"og:description\" content=\"The Rooftop VISITA NUESTRA P\u00c1GINA DE FACEBOOK\" \/>\n<meta property=\"og:url\" content=\"https:\/\/riurooftopbarchicago.riu.com\/es\/\" \/>\n<meta property=\"og:site_name\" content=\"RIU Rooftop\" \/>\n<meta property=\"article:modified_time\" content=\"2026-04-10T09:32:55+00:00\" \/>\n<meta name=\"twitter:card\" content=\"summary_large_image\" \/>\n<script type=\"application\/ld+json\" class=\"yoast-schema-graph\">{\"@context\":\"https:\/\/schema.org\",\"@graph\":[{\"@type\":\"WebPage\",\"@id\":\"https:\/\/riurooftopbarchicago.riu.com\/es\/\",\"url\":\"https:\/\/riurooftopbarchicago.riu.com\/es\/\",\"name\":\"The Rooftop \u00b7 La mejor terraza en Chicago\",\"isPartOf\":{\"@id\":\"https:\/\/riurooftopbarchicago.riu.com\/#website\"},\"datePublished\":\"2022-02-16T12:37:59+00:00\",\"dateModified\":\"2026-04-10T09:32:55+00:00\",\"description\":\"La terraza en Chicago m\u00e1s TOP con atardeceres \u00fanicos y m\u00fasica en directo, te esperan s\u00f3lo en el Hotel Riu Plaza Chicago.\",\"inLanguage\":\"es\",\"potentialAction\":[{\"@type\":\"ReadAction\",\"target\":[\"https:\/\/riurooftopbarchicago.riu.com\/es\/\"]}]},{\"@type\":\"WebSite\",\"@id\":\"https:\/\/riurooftopbarchicago.riu.com\/#website\",\"url\":\"https:\/\/riurooftopbarchicago.riu.com\/\",\"name\":\"The Rooftop\",\"description\":\"The Rooftop\",\"publisher\":{\"@id\":\"https:\/\/riurooftopbarchicago.riu.com\/#organization\"},\"alternateName\":\"The Rooftop - RIU Plaza Chicago\",\"potentialAction\":[{\"@type\":\"SearchAction\",\"target\":{\"@type\":\"EntryPoint\",\"urlTemplate\":\"https:\/\/riurooftopbarchicago.riu.com\/?s={search_term_string}\"},\"query-input\":\"required name=search_term_string\"}],\"inLanguage\":\"es\"},{\"@type\":\"Organization\",\"@id\":\"https:\/\/riurooftopbarchicago.riu.com\/#organization\",\"name\":\"RIU Rooftop\",\"url\":\"https:\/\/riurooftopbarchicago.riu.com\/\",\"logo\":{\"@type\":\"ImageObject\",\"inLanguage\":\"es\",\"@id\":\"https:\/\/riurooftopbarchicago.riu.com\/#\/schema\/logo\/image\/\",\"url\":\"https:\/\/riurooftopbarchicago.riu.com\/wp-content\/uploads\/2022\/02\/Riu.svg\",\"contentUrl\":\"https:\/\/riurooftopbarchicago.riu.com\/wp-content\/uploads\/2022\/02\/Riu.svg\",\"width\":65,\"height\":25,\"caption\":\"RIU Rooftop\"},\"image\":{\"@id\":\"https:\/\/riurooftopbarchicago.riu.com\/#\/schema\/logo\/image\/\"}}]}<\/script>\n<!-- \/ Yoast SEO plugin. -->","yoast_head_json":{"title":"The Rooftop \u00b7 La mejor terraza en Chicago","description":"La terraza en Chicago m\u00e1s TOP con atardeceres \u00fanicos y m\u00fasica en directo, te esperan s\u00f3lo en el Hotel Riu Plaza Chicago.","robots":{"index":"noindex","follow":"follow","max-snippet":"max-snippet:-1","max-image-preview":"max-image-preview:large","max-video-preview":"max-video-preview:-1"},"og_locale":"es_ES","og_type":"article","og_title":"The Rooftop RIU PLAZA ESPA\u00d1A","og_description":"The Rooftop VISITA NUESTRA P\u00c1GINA DE FACEBOOK","og_url":"https:\/\/riurooftopbarchicago.riu.com\/es\/","og_site_name":"RIU Rooftop","article_modified_time":"2026-04-10T09:32:55+00:00","twitter_card":"summary_large_image","schema":{"@context":"https:\/\/schema.org","@graph":[{"@type":"WebPage","@id":"https:\/\/riurooftopbarchicago.riu.com\/es\/","url":"https:\/\/riurooftopbarchicago.riu.com\/es\/","name":"The Rooftop \u00b7 La mejor terraza en Chicago","isPartOf":{"@id":"https:\/\/riurooftopbarchicago.riu.com\/#website"},"datePublished":"2022-02-16T12:37:59+00:00","dateModified":"2026-04-10T09:32:55+00:00","description":"La terraza en Chicago m\u00e1s TOP con atardeceres \u00fanicos y m\u00fasica en directo, te esperan s\u00f3lo en el Hotel Riu Plaza Chicago.","inLanguage":"es","potentialAction":[{"@type":"ReadAction","target":["https:\/\/riurooftopbarchicago.riu.com\/es\/"]}]},{"@type":"WebSite","@id":"https:\/\/riurooftopbarchicago.riu.com\/#website","url":"https:\/\/riurooftopbarchicago.riu.com\/","name":"The Rooftop","description":"The Rooftop","publisher":{"@id":"https:\/\/riurooftopbarchicago.riu.com\/#organization"},"alternateName":"The Rooftop - RIU Plaza Chicago","potentialAction":[{"@type":"SearchAction","target":{"@type":"EntryPoint","urlTemplate":"https:\/\/riurooftopbarchicago.riu.com\/?s={search_term_string}"},"query-input":"required name=search_term_string"}],"inLanguage":"es"},{"@type":"Organization","@id":"https:\/\/riurooftopbarchicago.riu.com\/#organization","name":"RIU Rooftop","url":"https:\/\/riurooftopbarchicago.riu.com\/","logo":{"@type":"ImageObject","inLanguage":"es","@id":"https:\/\/riurooftopbarchicago.riu.com\/#\/schema\/logo\/image\/","url":"https:\/\/riurooftopbarchicago.riu.com\/wp-content\/uploads\/2022\/02\/Riu.svg","contentUrl":"https:\/\/riurooftopbarchicago.riu.com\/wp-content\/uploads\/2022\/02\/Riu.svg","width":65,"height":25,"caption":"RIU Rooftop"},"image":{"@id":"https:\/\/riurooftopbarchicago.riu.com\/#\/schema\/logo\/image\/"}}]}},"_links":{"self":[{"href":"https:\/\/riurooftopbarchicago.riu.com\/es\/wp-json\/wp\/v2\/pages\/13","targetHints":{"allow":["GET"]}}],"collection":[{"href":"https:\/\/riurooftopbarchicago.riu.com\/es\/wp-json\/wp\/v2\/pages"}],"about":[{"href":"https:\/\/riurooftopbarchicago.riu.com\/es\/wp-json\/wp\/v2\/types\/page"}],"author":[{"embeddable":true,"href":"https:\/\/riurooftopbarchicago.riu.com\/es\/wp-json\/wp\/v2\/users\/5"}],"replies":[{"embeddable":true,"href":"https:\/\/riurooftopbarchicago.riu.com\/es\/wp-json\/wp\/v2\/comments?post=13"}],"version-history":[{"count":612,"href":"https:\/\/riurooftopbarchicago.riu.com\/es\/wp-json\/wp\/v2\/pages\/13\/revisions"}],"predecessor-version":[{"id":5162,"href":"https:\/\/riurooftopbarchicago.riu.com\/es\/wp-json\/wp\/v2\/pages\/13\/revisions\/5162"}],"wp:attachment":[{"href":"https:\/\/riurooftopbarchicago.riu.com\/es\/wp-json\/wp\/v2\/media?parent=13"}],"curies":[{"name":"wp","href":"https:\/\/api.w.org\/{rel}","templated":true}]}}